{"id":1798,"date":"2021-06-29T10:36:49","date_gmt":"2021-06-29T08:36:49","guid":{"rendered":"https:\/\/psvdlcon.hartmanncreative.com\/?page_id=1798"},"modified":"2026-01-07T18:34:38","modified_gmt":"2026-01-07T17:34:38","slug":"impressum","status":"publish","type":"page","link":"https:\/\/www.psvdl-consulting.com\/en\/impressum\/","title":{"rendered":"Imprint"},"content":{"rendered":"\t\t<div data-elementor-type=\"wp-page\" data-elementor-id=\"1798\" class=\"elementor elementor-1798\" data-elementor-post-type=\"page\">\n\t\t\t\t\t\t<section class=\"elementor-section elementor-top-section elementor-element elementor-element-3f44900 elementor-section-boxed elementor-section-height-default elementor-section-height-default\" data-id=\"3f44900\" data-element_type=\"section\" data-e-type=\"section\" data-settings=\"{&quot;jet_parallax_layout_list&quot;:[{&quot;jet_parallax_layout_image&quot;:{&quot;url&quot;:&quot;&quot;,&quot;id&quot;:&quot;&quot;,&quot;size&quot;:&quot;&quot;},&quot;_id&quot;:&quot;8e83c34&quot;,&quot;jet_parallax_layout_image_tablet&quot;:{&quot;url&quot;:&quot;&quot;,&quot;id&quot;:&quot;&quot;,&quot;size&quot;:&quot;&quot;},&quot;jet_parallax_layout_image_mobile&quot;:{&quot;url&quot;:&quot;&quot;,&quot;id&quot;:&quot;&quot;,&quot;size&quot;:&quot;&quot;},&quot;jet_parallax_layout_speed&quot;:{&quot;unit&quot;:&quot;%&quot;,&quot;size&quot;:50,&quot;sizes&quot;:[]},&quot;jet_parallax_layout_type&quot;:&quot;scroll&quot;,&quot;jet_parallax_layout_direction&quot;:&quot;1&quot;,&quot;jet_parallax_layout_fx_direction&quot;:null,&quot;jet_parallax_layout_z_index&quot;:&quot;&quot;,&quot;jet_parallax_layout_bg_x&quot;:50,&quot;jet_parallax_layout_bg_x_tablet&quot;:&quot;&quot;,&quot;jet_parallax_layout_bg_x_mobile&quot;:&quot;&quot;,&quot;jet_parallax_layout_bg_y&quot;:50,&quot;jet_parallax_layout_bg_y_tablet&quot;:&quot;&quot;,&quot;jet_parallax_layout_bg_y_mobile&quot;:&quot;&quot;,&quot;jet_parallax_layout_bg_size&quot;:&quot;auto&quot;,&quot;jet_parallax_layout_bg_size_tablet&quot;:&quot;&quot;,&quot;jet_parallax_layout_bg_size_mobile&quot;:&quot;&quot;,&quot;jet_parallax_layout_animation_prop&quot;:&quot;transform&quot;,&quot;jet_parallax_layout_on&quot;:[&quot;desktop&quot;,&quot;tablet&quot;]}]}\">\n\t\t\t\t\t\t<div class=\"elementor-container elementor-column-gap-no\">\n\t\t\t\t\t<div class=\"elementor-column elementor-col-100 elementor-top-column elementor-element elementor-element-63c2ae0\" data-id=\"63c2ae0\" data-element_type=\"column\" data-e-type=\"column\">\n\t\t\t<div class=\"elementor-widget-wrap elementor-element-populated\">\n\t\t\t\t\t\t<div class=\"elementor-element elementor-element-4fc8102 elementor-widget elementor-widget-heading\" data-id=\"4fc8102\" data-element_type=\"widget\" data-e-type=\"widget\" data-widget_type=\"heading.default\">\n\t\t\t\t<div class=\"elementor-widget-container\">\n\t\t\t\t\t<h1 class=\"elementor-heading-title elementor-size-default\">Impressum<span class=\"orange-dot\">.<\/span><\/h1>\t\t\t\t<\/div>\n\t\t\t\t<\/div>\n\t\t\t\t<section class=\"elementor-section elementor-inner-section elementor-element elementor-element-50350ef elementor-section-boxed elementor-section-height-default elementor-section-height-default\" data-id=\"50350ef\" data-element_type=\"section\" data-e-type=\"section\" data-settings=\"{&quot;jet_parallax_layout_list&quot;:[{&quot;jet_parallax_layout_image&quot;:{&quot;url&quot;:&quot;&quot;,&quot;id&quot;:&quot;&quot;,&quot;size&quot;:&quot;&quot;},&quot;_id&quot;:&quot;15c47dd&quot;,&quot;jet_parallax_layout_image_tablet&quot;:{&quot;url&quot;:&quot;&quot;,&quot;id&quot;:&quot;&quot;,&quot;size&quot;:&quot;&quot;},&quot;jet_parallax_layout_image_mobile&quot;:{&quot;url&quot;:&quot;&quot;,&quot;id&quot;:&quot;&quot;,&quot;size&quot;:&quot;&quot;},&quot;jet_parallax_layout_speed&quot;:{&quot;unit&quot;:&quot;%&quot;,&quot;size&quot;:50,&quot;sizes&quot;:[]},&quot;jet_parallax_layout_type&quot;:&quot;scroll&quot;,&quot;jet_parallax_layout_direction&quot;:&quot;1&quot;,&quot;jet_parallax_layout_fx_direction&quot;:null,&quot;jet_parallax_layout_z_index&quot;:&quot;&quot;,&quot;jet_parallax_layout_bg_x&quot;:50,&quot;jet_parallax_layout_bg_x_tablet&quot;:&quot;&quot;,&quot;jet_parallax_layout_bg_x_mobile&quot;:&quot;&quot;,&quot;jet_parallax_layout_bg_y&quot;:50,&quot;jet_parallax_layout_bg_y_tablet&quot;:&quot;&quot;,&quot;jet_parallax_layout_bg_y_mobile&quot;:&quot;&quot;,&quot;jet_parallax_layout_bg_size&quot;:&quot;auto&quot;,&quot;jet_parallax_layout_bg_size_tablet&quot;:&quot;&quot;,&quot;jet_parallax_layout_bg_size_mobile&quot;:&quot;&quot;,&quot;jet_parallax_layout_animation_prop&quot;:&quot;transform&quot;,&quot;jet_parallax_layout_on&quot;:[&quot;desktop&quot;,&quot;tablet&quot;]}]}\">\n\t\t\t\t\t\t<div class=\"elementor-container elementor-column-gap-default\">\n\t\t\t\t\t<div class=\"elementor-column elementor-col-50 elementor-inner-column elementor-element elementor-element-ba4e1b4 elementor-hidden-tablet elementor-hidden-phone\" data-id=\"ba4e1b4\" data-element_type=\"column\" data-e-type=\"column\">\n\t\t\t<div class=\"elementor-widget-wrap\">\n\t\t\t\t\t\t\t<\/div>\n\t\t<\/div>\n\t\t\t\t<div class=\"elementor-column elementor-col-50 elementor-inner-column elementor-element elementor-element-56aba77\" data-id=\"56aba77\" data-element_type=\"column\" data-e-type=\"column\">\n\t\t\t<div class=\"elementor-widget-wrap elementor-element-populated\">\n\t\t\t\t\t\t<div class=\"elementor-element elementor-element-d3fd267 elementor-widget elementor-widget-text-editor\" data-id=\"d3fd267\" data-element_type=\"widget\" data-e-type=\"widget\" data-widget_type=\"text-editor.default\">\n\t\t\t\t<div class=\"elementor-widget-container\">\n\t\t\t\t\t\t\t\t\t<p><strong>PSvdL Consulting GmbH<\/strong><br \/>N\u00f6rdliche M\u00fcnchner Stra\u00dfe 47<br \/>82031 Gr\u00fcnwald<\/p><p><strong>Gesch\u00e4ftsf\u00fchrung<\/strong><br \/>Oliver Paatz, Robert Scholz, Sicco van der Laan\u00a0<\/p><p><strong>E-Mail Adresse<\/strong><br \/>info@psvdl.com<\/p><p><strong>Registereintragungen<\/strong><\/p><div><p>Sitz: Gr\u00fcnwald<\/p><p>Amtsgericht M\u00fcnchen<\/p><p>HRB 167956<\/p><p>Ust.ID Nr.: DE254954405<\/p><\/div><p><strong>Inhaltlich Verantwortlicher gem\u00e4\u00df \u00a76 MDStV und im Sinne des Presserechts<\/strong><br \/>Oliver Paatz, Robert Scholz, Sicco van der Laan\u00a0<\/p>\t\t\t\t\t\t\t\t<\/div>\n\t\t\t\t<\/div>\n\t\t\t\t\t<\/div>\n\t\t<\/div>\n\t\t\t\t\t<\/div>\n\t\t<\/section>\n\t\t\t\t\t<\/div>\n\t\t<\/div>\n\t\t\t\t\t<\/div>\n\t\t<\/section>\n\t\t\t\t<\/div>\n\t\t","protected":false},"excerpt":{"rendered":"<p>Impressum. PSvdL Consulting GmbHN\u00f6rdliche M\u00fcnchner Stra\u00dfe 4782031 Gr\u00fcnwald Gesch\u00e4ftsf\u00fchrungOliver Paatz, Robert Scholz, Sicco van der Laan&nbsp; E-Mail Adresseinfo@psvdl.com Registereintragungen Sitz: Gr\u00fcnwald Amtsgericht M\u00fcnchen HRB 167956 Ust.ID Nr.: DE254954405 Inhaltlich Verantwortlicher gem\u00e4\u00df \u00a76 MDStV und im Sinne des PresserechtsOliver Paatz, Robert Scholz, Sicco van der Laan&nbsp;<\/p>","protected":false},"author":1,"featured_media":0,"parent":0,"menu_order":0,"comment_status":"closed","ping_status":"closed","template":"","meta":{"inline_featured_image":false,"wp_typography_post_enhancements_disabled":false,"footnotes":""},"class_list":["post-1798","page","type-page","status-publish","hentry"],"yoast_head":"<!-- This site is optimized with the Yoast SEO plugin v27.2 - https:\/\/yoast.com\/product\/yoast-seo-wordpress\/ -->\n<title>Impressum - PSvdL Consulting<\/title>\n<meta name=\"description\" content=\"Impressum - PSvdL Consulting\" \/>\n<meta name=\"robots\" content=\"index, follow, max-snippet:-1, max-image-preview:large, max-video-preview:-1\" \/>\n<link rel=\"canonical\" href=\"https:\/\/www.psvdl-consulting.com\/en\/impressum\/\" \/>\n<meta property=\"og:locale\" content=\"en_US\" \/>\n<meta property=\"og:type\" content=\"article\" \/>\n<meta property=\"og:title\" content=\"Impressum - PSvdL Consulting\" \/>\n<meta property=\"og:description\" content=\"Impressum - PSvdL Consulting\" \/>\n<meta property=\"og:url\" content=\"https:\/\/www.psvdl-consulting.com\/en\/impressum\/\" \/>\n<meta property=\"og:site_name\" content=\"PSvdL Consulting\" \/>\n<meta property=\"article:modified_time\" content=\"2026-01-07T17:34:38+00:00\" \/>\n<meta property=\"og:image\" content=\"https:\/\/www.psvdl-consulting.com\/wp-content\/uploads\/2021\/07\/psvdl-favicon.png\" \/>\n\t<meta property=\"og:image:width\" content=\"312\" \/>\n\t<meta property=\"og:image:height\" content=\"312\" \/>\n\t<meta property=\"og:image:type\" content=\"image\/png\" \/>\n<meta name=\"twitter:card\" content=\"summary_large_image\" \/>\n<meta name=\"twitter:label1\" content=\"Est. reading time\" \/>\n\t<meta name=\"twitter:data1\" content=\"1 minute\" \/>\n<script type=\"application\/ld+json\" class=\"yoast-schema-graph\">{\"@context\":\"https:\/\/schema.org\",\"@graph\":[{\"@type\":\"WebPage\",\"@id\":\"https:\/\/www.psvdl-consulting.com\/impressum\/\",\"url\":\"https:\/\/www.psvdl-consulting.com\/impressum\/\",\"name\":\"Impressum - PSvdL Consulting\",\"isPartOf\":{\"@id\":\"https:\/\/www.psvdl-consulting.com\/#website\"},\"datePublished\":\"2021-06-29T08:36:49+00:00\",\"dateModified\":\"2026-01-07T17:34:38+00:00\",\"description\":\"Impressum - PSvdL Consulting\",\"breadcrumb\":{\"@id\":\"https:\/\/www.psvdl-consulting.com\/impressum\/#breadcrumb\"},\"inLanguage\":\"en-US\",\"potentialAction\":[{\"@type\":\"ReadAction\",\"target\":[\"https:\/\/www.psvdl-consulting.com\/impressum\/\"]}]},{\"@type\":\"BreadcrumbList\",\"@id\":\"https:\/\/www.psvdl-consulting.com\/impressum\/#breadcrumb\",\"itemListElement\":[{\"@type\":\"ListItem\",\"position\":1,\"name\":\"Startseite\",\"item\":\"https:\/\/www.psvdl-consulting.com\/\"},{\"@type\":\"ListItem\",\"position\":2,\"name\":\"Impressum\"}]},{\"@type\":\"WebSite\",\"@id\":\"https:\/\/www.psvdl-consulting.com\/#website\",\"url\":\"https:\/\/www.psvdl-consulting.com\/\",\"name\":\"PSvdL Consulting GmbH\",\"description\":\"We speak energy.\",\"publisher\":{\"@id\":\"https:\/\/www.psvdl-consulting.com\/#organization\"},\"alternateName\":\"PSvdL Unternehmensberatung\",\"potentialAction\":[{\"@type\":\"SearchAction\",\"target\":{\"@type\":\"EntryPoint\",\"urlTemplate\":\"https:\/\/www.psvdl-consulting.com\/?s={search_term_string}\"},\"query-input\":{\"@type\":\"PropertyValueSpecification\",\"valueRequired\":true,\"valueName\":\"search_term_string\"}}],\"inLanguage\":\"en-US\"},{\"@type\":\"Organization\",\"@id\":\"https:\/\/www.psvdl-consulting.com\/#organization\",\"name\":\"PSvdL Consulting GmbH\",\"alternateName\":\"PSvdL Consulting GmbH\",\"url\":\"https:\/\/www.psvdl-consulting.com\/\",\"logo\":{\"@type\":\"ImageObject\",\"inLanguage\":\"en-US\",\"@id\":\"https:\/\/www.psvdl-consulting.com\/#\/schema\/logo\/image\/\",\"url\":\"https:\/\/www.psvdl-consulting.com\/wp-content\/uploads\/2021\/07\/psvdl-favicon.png\",\"contentUrl\":\"https:\/\/www.psvdl-consulting.com\/wp-content\/uploads\/2021\/07\/psvdl-favicon.png\",\"width\":312,\"height\":312,\"caption\":\"PSvdL Consulting GmbH\"},\"image\":{\"@id\":\"https:\/\/www.psvdl-consulting.com\/#\/schema\/logo\/image\/\"},\"sameAs\":[\"https:\/\/de.linkedin.com\/company\/psvdl-consulting-gmbh\",\"https:\/\/www.instagram.com\/psvdl.consulting\/\"]}]}<\/script>\n<!-- \/ Yoast SEO plugin. -->","yoast_head_json":{"title":"Impressum \u2014 PSvdL Consulting","description":"Impressum \u2014 PSvdL Consulting","robots":{"index":"index","follow":"follow","max-snippet":"max-snippet:-1","max-image-preview":"max-image-preview:large","max-video-preview":"max-video-preview:-1"},"canonical":"https:\/\/www.psvdl-consulting.com\/en\/impressum\/","og_locale":"en_US","og_type":"article","og_title":"Impressum - PSvdL Consulting","og_description":"Impressum - PSvdL Consulting","og_url":"https:\/\/www.psvdl-consulting.com\/en\/impressum\/","og_site_name":"PSvdL Consulting","article_modified_time":"2026-01-07T17:34:38+00:00","og_image":[{"width":312,"height":312,"url":"https:\/\/www.psvdl-consulting.com\/wp-content\/uploads\/2021\/07\/psvdl-favicon.png","type":"image\/png"}],"twitter_card":"summary_large_image","twitter_misc":{"Est. reading time":"1 minute"},"schema":{"@context":"https:\/\/schema.org","@graph":[{"@type":"WebPage","@id":"https:\/\/www.psvdl-consulting.com\/impressum\/","url":"https:\/\/www.psvdl-consulting.com\/impressum\/","name":"Impressum \u2014 PSvdL Consulting","isPartOf":{"@id":"https:\/\/www.psvdl-consulting.com\/#website"},"datePublished":"2021-06-29T08:36:49+00:00","dateModified":"2026-01-07T17:34:38+00:00","description":"Impressum \u2014 PSvdL Consulting","breadcrumb":{"@id":"https:\/\/www.psvdl-consulting.com\/impressum\/#breadcrumb"},"inLanguage":"en-US","potentialAction":[{"@type":"ReadAction","target":["https:\/\/www.psvdl-consulting.com\/impressum\/"]}]},{"@type":"BreadcrumbList","@id":"https:\/\/www.psvdl-consulting.com\/impressum\/#breadcrumb","itemListElement":[{"@type":"ListItem","position":1,"name":"Startseite","item":"https:\/\/www.psvdl-consulting.com\/"},{"@type":"ListItem","position":2,"name":"Impressum"}]},{"@type":"WebSite","@id":"https:\/\/www.psvdl-consulting.com\/#website","url":"https:\/\/www.psvdl-consulting.com\/","name":"PSvdL Consulting GmbH","description":"We speak energy.","publisher":{"@id":"https:\/\/www.psvdl-consulting.com\/#organization"},"alternateName":"PSvdL Unternehmensberatung","potentialAction":[{"@type":"SearchAction","target":{"@type":"EntryPoint","urlTemplate":"https:\/\/www.psvdl-consulting.com\/?s={search_term_string}"},"query-input":{"@type":"PropertyValueSpecification","valueRequired":true,"valueName":"search_term_string"}}],"inLanguage":"en-US"},{"@type":"Organization","@id":"https:\/\/www.psvdl-consulting.com\/#organization","name":"PSvdL Consulting GmbH","alternateName":"PSvdL Consulting GmbH","url":"https:\/\/www.psvdl-consulting.com\/","logo":{"@type":"ImageObject","inLanguage":"en-US","@id":"https:\/\/www.psvdl-consulting.com\/#\/schema\/logo\/image\/","url":"https:\/\/www.psvdl-consulting.com\/wp-content\/uploads\/2021\/07\/psvdl-favicon.png","contentUrl":"https:\/\/www.psvdl-consulting.com\/wp-content\/uploads\/2021\/07\/psvdl-favicon.png","width":312,"height":312,"caption":"PSvdL Consulting GmbH"},"image":{"@id":"https:\/\/www.psvdl-consulting.com\/#\/schema\/logo\/image\/"},"sameAs":["https:\/\/de.linkedin.com\/company\/psvdl-consulting-gmbh","https:\/\/www.instagram.com\/psvdl.consulting\/"]}]}},"_links":{"self":[{"href":"https:\/\/www.psvdl-consulting.com\/en\/wp-json\/wp\/v2\/pages\/1798","targetHints":{"allow":["GET"]}}],"collection":[{"href":"https:\/\/www.psvdl-consulting.com\/en\/wp-json\/wp\/v2\/pages"}],"about":[{"href":"https:\/\/www.psvdl-consulting.com\/en\/wp-json\/wp\/v2\/types\/page"}],"author":[{"embeddable":true,"href":"https:\/\/www.psvdl-consulting.com\/en\/wp-json\/wp\/v2\/users\/1"}],"replies":[{"embeddable":true,"href":"https:\/\/www.psvdl-consulting.com\/en\/wp-json\/wp\/v2\/comments?post=1798"}],"version-history":[{"count":10,"href":"https:\/\/www.psvdl-consulting.com\/en\/wp-json\/wp\/v2\/pages\/1798\/revisions"}],"predecessor-version":[{"id":3876,"href":"https:\/\/www.psvdl-consulting.com\/en\/wp-json\/wp\/v2\/pages\/1798\/revisions\/3876"}],"wp:attachment":[{"href":"https:\/\/www.psvdl-consulting.com\/en\/wp-json\/wp\/v2\/media?parent=1798"}],"curies":[{"name":"wp","href":"https:\/\/api.w.org\/{rel}","templated":true}]}}